
{"id":10952,"date":"2023-10-10T16:54:35","date_gmt":"2023-10-10T14:54:35","guid":{"rendered":"https:\/\/drs-auto.fr\/?post_type=product&#038;p=10952"},"modified":"2025-06-14T09:08:23","modified_gmt":"2025-06-14T07:08:23","slug":"filtre-a-gasoil-diesel-1-6-hdi-berlingo-c3-c4-c5-1906-e6","status":"publish","type":"product","link":"https:\/\/drs-auto.fr\/en\/product\/filtre-a-gasoil-diesel-1-6-hdi-berlingo-c3-c4-c5-1906-e6\/","title":{"rendered":"Filtre \u00e0 Gasoil Diesel 1.6 HDI Berlingo C3 C4 C5 1906.E6"},"content":{"rendered":"<p>Filtre \u00e0 carburant 1.4 1.6HDi Compatible avec Berlingo C3 II C4 Picasso 2008 308 Partner 9809721080 1906.E6<\/p>\n<p>R\u00e9f\u00e9rence OEM : 98 097 579 80, 9809757980, 1901.97, 1901 97, 190197, 1906.E6, 1906 E6, 1906E6, 1906E6, 96 723 149 80, 9 80, 9 4980. 16 116 594 80, 1611659480, 98 097 210 80, 9809721080<br \/>\nCompatible avec Ci-troen Berlingo (B9), 1.6 HDi 90 (2010\/07 &#8211; n\/a), Berlingo Multispace (B9), 1.6 HDi 115 4&#215;4 (2012\/02 &#8211; n\/a), C3 II, 1.4 HDi 70 (2009\/111. &#8211; n\/a), C3 Picasso (SH_), 1.6 HDI 90 (2010\/07 &#8211; n\/a), C4 Aircross, 1.6 HDi 115 AWC (2012\/05 &#8211; n\/a), C4 Cactus, 1.6 HDi 90 (2014\/09 &#8211; n\/a), C4 Grand Picasson. o I<br \/>\nCompatible avec 1.6 HDi 110 (2010\/09-2013\/08), C4 Grand Picasso II, C4 II (B7) 1.6 HDi 90 (2009\/11 &#8211; n\/a), C4 Picasso I, 1.6 HDi 110 (2010\/09. &#8211; 2013. \/08), C4 Picasso II, 1.6 HDi 90 (2013\/02 &#8211; n\/a), C5 III, 1.6 HDi 115 (2012\/01 &#8211; n\/a), C5 III Break, DS3, 1.4 HDi 70 (2010\/04 &#8211; 204 &#8211; 20202020102010 15\/07 ), DS4, 1.6 HDi 115 (2012\/08 &#8211; 2015\/07),<br \/>\nCompatible avec DS5, 1.6 HDi 115 (2012\/06 &#8211; 2015\/07), 2008, 1.6 HDi (2013\/03 &#8211; n\/a), 1.4 HDi (2013\/06 &#8211; n\/a), 206+, 207, 1.6 HDi. (200) 9\/11 &#8211; 2012\/12), 1.4 HDi (2006\/02 &#8211; 2015\/12), 208, 1.4 HDi 68 (CR8HR0) (2012\/10 &#8211; n\/a), 1.6 HDi (2012\/03 &#8211; n\/a),<br \/>\nCompatible avec 3008, 1.6 HDi (2009\/12-2016\/08), 308, 1.6 HDi (2009\/11-2014\/10), 308 SW, 308 II, 308 SW II, 5008, 1.6 HDi (20101010). \/08 &#8211; 2017\/03), 508, 1.6 HDi (2010\/11-2018\/12), 508 SW, partenaire, 1.6 HDi \/ BlueHDi 75 (2011\/07 &#8211; n\/a), partenaire Tepee<\/p>","protected":false},"excerpt":{"rendered":"<p>ETAT : Neuf<\/p>\n<table>\n<tbody>\n<tr>\n<td width=\"235\"><strong>CITROEN<\/strong><\/td>\n<td width=\"204\"><strong>\u00a0<\/strong><\/td>\n<td width=\"73\"><strong>\u00a0<\/strong><\/td>\n<td width=\"82\">&nbsp;<\/td>\n<\/tr>\n<tr>\n<td width=\"235\">BERLINGO (B9)<\/td>\n<td width=\"204\">1,6 HDi 110<\/td>\n<td width=\"73\">2010-07<\/td>\n<td width=\"82\"><\/td>\n<\/tr>\n<tr>\n<td width=\"235\">BERLINGO (B9)<\/td>\n<td width=\"204\">1,6 HDi 115<\/td>\n<td width=\"73\">2010-07<\/td>\n<td width=\"82\"><\/td>\n<\/tr>\n<tr>\n<td width=\"235\">BERLINGO (B9)<\/td>\n<td width=\"204\">1.6 HDi 115 4&#215;4<\/td>\n<td width=\"73\">2012-02<\/td>\n<td width=\"82\"><\/td>\n<\/tr>\n<tr>\n<td width=\"235\">BERLINGO (B9)<\/td>\n<td width=\"204\">1.6 HDi 75 \/ BlueHDi 75<\/td>\n<td width=\"73\">2008-04<\/td>\n<td width=\"82\"><\/td>\n<\/tr>\n<tr>\n<td width=\"235\">BERLINGO (B9)<\/td>\n<td width=\"204\">1.6 HDi 75 16V<\/td>\n<td width=\"73\">2008-04<\/td>\n<td width=\"82\"><\/td>\n<\/tr>\n<tr>\n<td width=\"235\">BERLINGO (B9)<\/td>\n<td width=\"204\">1,6 HDi 90<\/td>\n<td width=\"73\">2008-04<\/td>\n<td width=\"82\"><\/td>\n<\/tr>\n<tr>\n<td width=\"235\">BERLINGO (B9)<\/td>\n<td width=\"204\">1,6 HDi 90<\/td>\n<td width=\"73\">2010-07<\/td>\n<td width=\"82\"><\/td>\n<\/tr>\n<tr>\n<td width=\"235\">BERLINGO (B9)<\/td>\n<td width=\"204\">1.6 HDi 90 4&#215;4<\/td>\n<td width=\"73\">2012-02<\/td>\n<td width=\"82\"><\/td>\n<\/tr>\n<tr>\n<td width=\"235\">Bo\u00eete BERLINGO (B9)<\/td>\n<td width=\"204\">1.6 HDi \/ BlueHDi 75<\/td>\n<td width=\"73\">2010-07<\/td>\n<td width=\"82\"><\/td>\n<\/tr>\n<tr>\n<td width=\"235\">Bo\u00eete BERLINGO (B9)<\/td>\n<td width=\"204\">1,6 HDi 110<\/td>\n<td width=\"73\">2010-07<\/td>\n<td width=\"82\"><\/td>\n<\/tr>\n<tr>\n<td width=\"235\">Bo\u00eete BERLINGO (B9)<\/td>\n<td width=\"204\">1,6 HDi 115<\/td>\n<td width=\"73\">2010-07<\/td>\n<td width=\"82\"><\/td>\n<\/tr>\n<tr>\n<td width=\"235\">Bo\u00eete BERLINGO (B9)<\/td>\n<td width=\"204\">1.6 HDi 115 4&#215;4<\/td>\n<td width=\"73\">2012-02<\/td>\n<td width=\"82\"><\/td>\n<\/tr>\n<tr>\n<td width=\"235\">Bo\u00eete BERLINGO (B9)<\/td>\n<td width=\"204\">1,6 HDi 75<\/td>\n<td width=\"73\">2008-04<\/td>\n<td width=\"82\"><\/td>\n<\/tr>\n<tr>\n<td width=\"235\">Bo\u00eete BERLINGO (B9)<\/td>\n<td width=\"204\">1.6 HDi 75 4&#215;4<\/td>\n<td width=\"73\">2012-02<\/td>\n<td width=\"82\"><\/td>\n<\/tr>\n<tr>\n<td width=\"235\">Bo\u00eete BERLINGO (B9)<\/td>\n<td width=\"204\">1,6 HDi 90<\/td>\n<td width=\"73\">2010-07<\/td>\n<td width=\"82\"><\/td>\n<\/tr>\n<tr>\n<td width=\"235\">Bo\u00eete BERLINGO (B9)<\/td>\n<td width=\"204\">1,6 HDi 90<\/td>\n<td width=\"73\">2010-07<\/td>\n<td width=\"82\"><\/td>\n<\/tr>\n<tr>\n<td width=\"235\">Bo\u00eete BERLINGO (B9)<\/td>\n<td width=\"204\">1.6 HDi 90 16V<\/td>\n<td width=\"73\">2008-04<\/td>\n<td width=\"82\"><\/td>\n<\/tr>\n<tr>\n<td width=\"235\">Bo\u00eete BERLINGO (B9)<\/td>\n<td width=\"204\">1.6 HDi 90 4&#215;4<\/td>\n<td width=\"73\">2012-02<\/td>\n<td width=\"82\"><\/td>\n<\/tr>\n<tr>\n<td width=\"235\">Plateforme \/ ch\u00e2ssis BERLINGO (B9)<\/td>\n<td width=\"204\">1.6 HDi 90 16V<\/td>\n<td width=\"73\">2008-04<\/td>\n<td width=\"82\"><\/td>\n<\/tr>\n<tr>\n<td width=\"235\">Plateforme \/ ch\u00e2ssis BERLINGO (B9)<\/td>\n<td width=\"204\">1,6 HDi 92<\/td>\n<td width=\"73\">2010-07<\/td>\n<td width=\"82\"><\/td>\n<\/tr>\n<tr>\n<td width=\"235\">C3 II (SC_)<\/td>\n<td width=\"204\">1,4 HDi 70<\/td>\n<td width=\"73\">2009-11<\/td>\n<td width=\"82\"><\/td>\n<\/tr>\n<tr>\n<td width=\"235\">C3 II (SC_)<\/td>\n<td width=\"204\">1,6 HDi<\/td>\n<td width=\"73\">2009-11<\/td>\n<td width=\"82\"><\/td>\n<\/tr>\n<tr>\n<td width=\"235\">C3 II (SC_)<\/td>\n<td width=\"204\">1,6 HDi 110<\/td>\n<td width=\"73\">2009-11<\/td>\n<td width=\"82\"><\/td>\n<\/tr>\n<tr>\n<td width=\"235\">C3 II (SC_)<\/td>\n<td width=\"204\">1,6 HDi 115<\/td>\n<td width=\"73\">2012-09<\/td>\n<td width=\"82\"><\/td>\n<\/tr>\n<tr>\n<td width=\"235\">C3 Picasso<\/td>\n<td width=\"204\">1,6 HDi 110<\/td>\n<td width=\"73\">2010-05<\/td>\n<td width=\"82\"><\/td>\n<\/tr>\n<tr>\n<td width=\"235\">C3 Picasso<\/td>\n<td width=\"204\">1,6 HDi 115<\/td>\n<td width=\"73\">2013-01<\/td>\n<td width=\"82\"><\/td>\n<\/tr>\n<tr>\n<td width=\"235\">C3 Picasso<\/td>\n<td width=\"204\">1,6 HDI 90<\/td>\n<td width=\"73\">2010-07<\/td>\n<td width=\"82\"><\/td>\n<\/tr>\n<tr>\n<td width=\"235\">AIRCROSS C4<\/td>\n<td width=\"204\">1,6 HDi 115<\/td>\n<td width=\"73\">2012-04<\/td>\n<td width=\"82\"><\/td>\n<\/tr>\n<tr>\n<td width=\"235\">AIRCROSS C4<\/td>\n<td width=\"204\">1.6 HDi 115 AWC<\/td>\n<td width=\"73\">05\/2012<\/td>\n<td width=\"82\"><\/td>\n<\/tr>\n<tr>\n<td width=\"235\">C4 CACTUS<\/td>\n<td width=\"204\">1,6 HDi 90<\/td>\n<td width=\"73\">2014-09<\/td>\n<td width=\"82\"><\/td>\n<\/tr>\n<tr>\n<td width=\"235\">C4 Grand Picasso I (UA_)<\/td>\n<td width=\"204\">1,6 HDi 110<\/td>\n<td width=\"73\">2010-09<\/td>\n<td width=\"82\"><\/td>\n<\/tr>\n<tr>\n<td width=\"235\">C4 Grand Picasso II<\/td>\n<td width=\"204\">1.6 HDi \/ BlueHDi 115<\/td>\n<td width=\"73\">2013-09<\/td>\n<td width=\"82\"><\/td>\n<\/tr>\n<tr>\n<td width=\"235\">C4 Grand Picasso II<\/td>\n<td width=\"204\">1,6 HDi 90<\/td>\n<td width=\"73\">2013-09<\/td>\n<td width=\"82\"><\/td>\n<\/tr>\n<tr>\n<td width=\"235\">C4 II (B7)<\/td>\n<td width=\"204\">1,6 HDi 110<\/td>\n<td width=\"73\">2009-11<\/td>\n<td width=\"82\"><\/td>\n<\/tr>\n<tr>\n<td width=\"235\">C4 II (B7)<\/td>\n<td width=\"204\">1,6 HDi 115<\/td>\n<td width=\"73\">07\/2012<\/td>\n<td width=\"82\"><\/td>\n<\/tr>\n<tr>\n<td width=\"235\">C4 II (B7)<\/td>\n<td width=\"204\">1,6 HDi 90<\/td>\n<td width=\"73\">2009-11<\/td>\n<td width=\"82\"><\/td>\n<\/tr>\n<tr>\n<td width=\"235\">C4 Picasso I (MPV) (UD_)<\/td>\n<td width=\"204\">1,6 HDi 110<\/td>\n<td width=\"73\">2010-09<\/td>\n<td width=\"82\">2013-09<\/td>\n<\/tr>\n<tr>\n<td width=\"235\">C4 Picasso II<\/td>\n<td width=\"204\">1.6 HDi \/ BlueHDi 115<\/td>\n<td width=\"73\">2013-02<\/td>\n<td width=\"82\"><\/td>\n<\/tr>\n<tr>\n<td width=\"235\">C4 Picasso II<\/td>\n<td width=\"204\">1,6 HDi 90<\/td>\n<td width=\"73\">2013-02<\/td>\n<td width=\"82\"><\/td>\n<\/tr>\n<tr>\n<td width=\"235\">C5 III (RD_)<\/td>\n<td width=\"204\">1,6 HDi 110<\/td>\n<td width=\"73\">2010-07<\/td>\n<td width=\"82\"><\/td>\n<\/tr>\n<tr>\n<td width=\"235\">C5 III (RD_)<\/td>\n<td width=\"204\">1,6 HDi 115<\/td>\n<td width=\"73\">2012-01<\/td>\n<td width=\"82\"><\/td>\n<\/tr>\n<tr>\n<td width=\"235\">C5 III Break (RW_)<\/td>\n<td width=\"204\">1,6 HDi 110<\/td>\n<td width=\"73\">2010-07<\/td>\n<td width=\"82\"><\/td>\n<\/tr>\n<tr>\n<td width=\"235\">C5 III Break (RW_)<\/td>\n<td width=\"204\">1,6 HDi 115<\/td>\n<td width=\"73\">2012-01<\/td>\n<td width=\"82\"><\/td>\n<\/tr>\n<tr>\n<td width=\"235\">C-ELYSEE<\/td>\n<td width=\"204\">1,6 HDI 92<\/td>\n<td width=\"73\">2012-11<\/td>\n<td width=\"82\"><\/td>\n<\/tr>\n<tr>\n<td width=\"235\">DS3<\/td>\n<td width=\"204\">1,4 HDi 70<\/td>\n<td width=\"73\">2010-04<\/td>\n<td width=\"82\">2015-04<\/td>\n<\/tr>\n<tr>\n<td width=\"235\">DS3<\/td>\n<td width=\"204\">1,6 HDi 110<\/td>\n<td width=\"73\">2009-11<\/td>\n<td width=\"82\">2015-11<\/td>\n<\/tr>\n<tr>\n<td width=\"235\">DS3<\/td>\n<td width=\"204\">1,6 HDi 115<\/td>\n<td width=\"73\">08\/2012<\/td>\n<td width=\"82\">08\/2015<\/td>\n<\/tr>\n<tr>\n<td width=\"235\">DS3<\/td>\n<td width=\"204\">1,6 HDi 90<\/td>\n<td width=\"73\">2009-11<\/td>\n<td width=\"82\">2015-11<\/td>\n<\/tr>\n<tr>\n<td width=\"235\">DS3 kabriolet<\/td>\n<td width=\"204\">1,6 HDi 90<\/td>\n<td width=\"73\">2013-01<\/td>\n<td width=\"82\">2015-01<\/td>\n<\/tr>\n<tr>\n<td width=\"235\">DS4<\/td>\n<td width=\"204\">1,6 HDi 110<\/td>\n<td width=\"73\">2011-04<\/td>\n<td width=\"82\">2015-04<\/td>\n<\/tr>\n<tr>\n<td width=\"235\">DS4<\/td>\n<td width=\"204\">1,6 HDi 115<\/td>\n<td width=\"73\">08\/2012<\/td>\n<td width=\"82\">08\/2015<\/td>\n<\/tr>\n<tr>\n<td width=\"235\">DS4<\/td>\n<td width=\"204\">1,6 HDi 90<\/td>\n<td width=\"73\">2011-05<\/td>\n<td width=\"82\">2015-05<\/td>\n<\/tr>\n<tr>\n<td width=\"235\">DS5<\/td>\n<td width=\"204\">1,6 HDi 110<\/td>\n<td width=\"73\">2011-11<\/td>\n<td width=\"82\">2015-11<\/td>\n<\/tr>\n<tr>\n<td width=\"235\">DS5<\/td>\n<td width=\"204\">1,6 HDi 115<\/td>\n<td width=\"73\">2012-06<\/td>\n<td width=\"82\">2015-06<\/td>\n<\/tr>\n<tr>\n<td width=\"235\">JUMPY (VF7)<\/td>\n<td width=\"204\">1.6 HDi 90 16V<\/td>\n<td width=\"73\">2007-01<\/td>\n<td width=\"82\"><\/td>\n<\/tr>\n<tr>\n<td width=\"235\">JUMPY (VF7)<\/td>\n<td width=\"204\">1.6 HDi 90 8V<\/td>\n<td width=\"73\">2007-01<\/td>\n<td width=\"82\"><\/td>\n<\/tr>\n<tr>\n<td width=\"235\">Bo\u00eete JUMPY<\/td>\n<td width=\"204\">1.6 HDi 90 16V<\/td>\n<td width=\"73\">2007-01<\/td>\n<td width=\"82\"><\/td>\n<\/tr>\n<tr>\n<td width=\"235\">Bo\u00eete JUMPY<\/td>\n<td width=\"204\">1.6 HDi 90 8V<\/td>\n<td width=\"73\">2007-01<\/td>\n<td width=\"82\"><\/td>\n<\/tr>\n<tr>\n<td width=\"235\"><strong>D\u00c9CRET<\/strong><\/td>\n<td width=\"204\">&nbsp;<\/td>\n<td width=\"73\">&nbsp;<\/td>\n<td width=\"82\">&nbsp;<\/td>\n<\/tr>\n<tr>\n<td width=\"235\">SCUDO (270_, 272_)<\/td>\n<td width=\"204\">1.6 D Multijet<\/td>\n<td width=\"73\">2007-01<\/td>\n<td width=\"82\"><\/td>\n<\/tr>\n<tr>\n<td width=\"235\">SCUDO (270_, 272_)<\/td>\n<td width=\"204\">1.6 D Multijet<\/td>\n<td width=\"73\">2011-02<\/td>\n<td width=\"82\"><\/td>\n<\/tr>\n<tr>\n<td width=\"235\">Bo\u00eete SCUDO (270_, 272_)<\/td>\n<td width=\"204\">1.6 D Multijet<\/td>\n<td width=\"73\">2007-01<\/td>\n<td width=\"82\"><\/td>\n<\/tr>\n<tr>\n<td width=\"235\">Bo\u00eete SCUDO (270_, 272_)<\/td>\n<td width=\"204\">1.6 D Multijet<\/td>\n<td width=\"73\">2011-02<\/td>\n<td width=\"82\"><\/td>\n<\/tr>\n<tr>\n<td width=\"235\">Plateforme \/ ch\u00e2ssis SCUDO (270_, 272_)<\/td>\n<td width=\"204\">1.6 D Multijet<\/td>\n<td width=\"73\">2007-01<\/td>\n<td width=\"82\"><\/td>\n<\/tr>\n<tr>\n<td width=\"235\">Plateforme \/ ch\u00e2ssis SCUDO (270_, 272_)<\/td>\n<td width=\"204\">1.6 D Multijet<\/td>\n<td width=\"73\">2007-01<\/td>\n<td width=\"82\"><\/td>\n<\/tr>\n<tr>\n<td width=\"235\">Bo\u00eete SOBOL (2752)<\/td>\n<td width=\"204\">2.4<\/td>\n<td width=\"73\">2005-07<\/td>\n<td width=\"82\"><\/td>\n<\/tr>\n<tr>\n<td width=\"235\"><strong>MITSUBISHI<\/strong><\/td>\n<td width=\"204\">&nbsp;<\/td>\n<td width=\"73\">&nbsp;<\/td>\n<td width=\"82\">&nbsp;<\/td>\n<\/tr>\n<tr>\n<td width=\"235\">ASX (GA_W_)<\/td>\n<td width=\"204\">1.6 DI-D<\/td>\n<td width=\"73\">07\/2015<\/td>\n<td width=\"82\"><\/td>\n<\/tr>\n<tr>\n<td width=\"235\">ASX (GA_W_)<\/td>\n<td width=\"204\">1.6 DI-D 4WD<\/td>\n<td width=\"73\">07\/2015<\/td>\n<td width=\"82\"><\/td>\n<\/tr>\n<tr>\n<td width=\"235\"><strong>PEUGEOT<\/strong><\/td>\n<td width=\"204\">&nbsp;<\/td>\n<td width=\"73\">&nbsp;<\/td>\n<td width=\"82\">&nbsp;<\/td>\n<\/tr>\n<tr>\n<td width=\"235\">2008 (CU_)<\/td>\n<td width=\"204\">1,4 HDi<\/td>\n<td width=\"73\">2013-06<\/td>\n<td width=\"82\"><\/td>\n<\/tr>\n<tr>\n<td width=\"235\">2008 (CU_)<\/td>\n<td width=\"204\">1,6 HDi<\/td>\n<td width=\"73\">2013-03<\/td>\n<td width=\"82\"><\/td>\n<\/tr>\n<tr>\n<td width=\"235\">2008 (CU_)<\/td>\n<td width=\"204\">1,6 HDi<\/td>\n<td width=\"73\">2013-03<\/td>\n<td width=\"82\"><\/td>\n<\/tr>\n<tr>\n<td width=\"235\">206+ (T3E)<\/td>\n<td width=\"204\">1.4 HDi \u00e9co 70<\/td>\n<td width=\"73\">2009-01<\/td>\n<td width=\"82\"><\/td>\n<\/tr>\n<tr>\n<td width=\"235\">207 (WA_, WC_)<\/td>\n<td width=\"204\">1,4 HDi<\/td>\n<td width=\"73\">2006-02<\/td>\n<td width=\"82\"><\/td>\n<\/tr>\n<tr>\n<td width=\"235\">207 (WA_, WC_)<\/td>\n<td width=\"204\">1,6 HDi<\/td>\n<td width=\"73\">2009-11<\/td>\n<td width=\"82\"><\/td>\n<\/tr>\n<tr>\n<td width=\"235\">207 (WA_, WC_)<\/td>\n<td width=\"204\">1,6 HDi 110<\/td>\n<td width=\"73\">2009-08<\/td>\n<td width=\"82\"><\/td>\n<\/tr>\n<tr>\n<td width=\"235\">207 CC (WD_)<\/td>\n<td width=\"204\">1,6 HDi<\/td>\n<td width=\"73\">2009-08<\/td>\n<td width=\"82\"><\/td>\n<\/tr>\n<tr>\n<td width=\"235\">207 SW (WK_)<\/td>\n<td width=\"204\">1,6 HDi<\/td>\n<td width=\"73\">2009-08<\/td>\n<td width=\"82\"><\/td>\n<\/tr>\n<tr>\n<td width=\"235\">207 SW (WK_)<\/td>\n<td width=\"204\">1,6 HDi<\/td>\n<td width=\"73\">2009-11<\/td>\n<td width=\"82\"><\/td>\n<\/tr>\n<tr>\n<td width=\"235\">207 Fourgon<\/td>\n<td width=\"204\">1,4 HDi<\/td>\n<td width=\"73\">2007-04<\/td>\n<td width=\"82\"><\/td>\n<\/tr>\n<tr>\n<td width=\"235\">207 Fourgon<\/td>\n<td width=\"204\">1,6 HDi<\/td>\n<td width=\"73\">2009-11<\/td>\n<td width=\"82\"><\/td>\n<\/tr>\n<tr>\n<td width=\"235\">208 (CA_, CC_)<\/td>\n<td width=\"204\">1,4 HDi<\/td>\n<td width=\"73\">2012-03<\/td>\n<td width=\"82\"><\/td>\n<\/tr>\n<tr>\n<td width=\"235\">208 (CA_, CC_)<\/td>\n<td width=\"204\">1,6 HDi<\/td>\n<td width=\"73\">2012-03<\/td>\n<td width=\"82\"><\/td>\n<\/tr>\n<tr>\n<td width=\"235\">208 (CA_, CC_)<\/td>\n<td width=\"204\">1,6 HDi<\/td>\n<td width=\"73\">2012-03<\/td>\n<td width=\"82\"><\/td>\n<\/tr>\n<tr>\n<td width=\"235\">208 (CA_, CC_)<\/td>\n<td width=\"204\">1.6 HDi \/ BlueHDi 75<\/td>\n<td width=\"73\">2013-01<\/td>\n<td width=\"82\"><\/td>\n<\/tr>\n<tr>\n<td width=\"235\">208 Bo\u00eete (CR_)<\/td>\n<td width=\"204\">1,4 HDi<\/td>\n<td width=\"73\">2012-10<\/td>\n<td width=\"82\"><\/td>\n<\/tr>\n<tr>\n<td width=\"235\">208 Bo\u00eete (CR_)<\/td>\n<td width=\"204\">1.6 BlueHDi 75<\/td>\n<td width=\"73\">2015-04<\/td>\n<td width=\"82\"><\/td>\n<\/tr>\n<tr>\n<td width=\"235\">208 Bo\u00eete (CR_)<\/td>\n<td width=\"204\">1,6 HDi<\/td>\n<td width=\"73\">2014-03<\/td>\n<td width=\"82\"><\/td>\n<\/tr>\n<tr>\n<td width=\"235\">3008\u00a0\u00a0(MPV) (0U_)<\/td>\n<td width=\"204\">1,6 HDi<\/td>\n<td width=\"73\">2009-12<\/td>\n<td width=\"82\">2016-12<\/td>\n<\/tr>\n<tr>\n<td width=\"235\">3008\u00a0\u00a0(MPV) (0U_)<\/td>\n<td width=\"204\">1,6 HDi<\/td>\n<td width=\"73\">2013-03<\/td>\n<td width=\"82\"><\/td>\n<\/tr>\n<tr>\n<td width=\"235\">3008\u00a0\u00a0(MPV) (0U_)<\/td>\n<td width=\"204\">1.6 HDi 115 \/ BlueHDi 115<\/td>\n<td width=\"73\">2013-02<\/td>\n<td width=\"82\"><\/td>\n<\/tr>\n<tr>\n<td width=\"235\">301<\/td>\n<td width=\"204\">1,6 HDI 90<\/td>\n<td width=\"73\">2012-11<\/td>\n<td width=\"82\"><\/td>\n<\/tr>\n<tr>\n<td width=\"235\">308 (4A_, 4C_)<\/td>\n<td width=\"204\">1,6 HDi<\/td>\n<td width=\"73\">2009-11<\/td>\n<td width=\"82\"><\/td>\n<\/tr>\n<tr>\n<td width=\"235\">308 (4A_, 4C_)<\/td>\n<td width=\"204\">1,6 HDi<\/td>\n<td width=\"73\">2009-12<\/td>\n<td width=\"82\"><\/td>\n<\/tr>\n<tr>\n<td width=\"235\">308 (4A_, 4C_)<\/td>\n<td width=\"204\">1,6 HDi<\/td>\n<td width=\"73\">2013-03<\/td>\n<td width=\"82\"><\/td>\n<\/tr>\n<tr>\n<td width=\"235\">308 CC (4B_)<\/td>\n<td width=\"204\">1,6 HDi<\/td>\n<td width=\"73\">2009-06<\/td>\n<td width=\"82\"><\/td>\n<\/tr>\n<tr>\n<td width=\"235\">308 CC (4B_)<\/td>\n<td width=\"204\">1,6 HDi<\/td>\n<td width=\"73\">2009-02<\/td>\n<td width=\"82\">2012-02<\/td>\n<\/tr>\n<tr>\n<td width=\"235\">308 CC (4B_)<\/td>\n<td width=\"204\">1,6 HDi<\/td>\n<td width=\"73\">2013-03<\/td>\n<td width=\"82\"><\/td>\n<\/tr>\n<tr>\n<td width=\"235\">308 II<\/td>\n<td width=\"204\">1,6 HDi<\/td>\n<td width=\"73\">2013-09<\/td>\n<td width=\"82\"><\/td>\n<\/tr>\n<tr>\n<td width=\"235\">308 II<\/td>\n<td width=\"204\">1.6 HDi \/ BlueHDi 115<\/td>\n<td width=\"73\">2013-09<\/td>\n<td width=\"82\"><\/td>\n<\/tr>\n<tr>\n<td width=\"235\">308 SW (4E_, 4H_)<\/td>\n<td width=\"204\">1,6 HDi<\/td>\n<td width=\"73\">2009-11<\/td>\n<td width=\"82\"><\/td>\n<\/tr>\n<tr>\n<td width=\"235\">308 SW (4E_, 4H_)<\/td>\n<td width=\"204\">1,6 HDi<\/td>\n<td width=\"73\">2009-12<\/td>\n<td width=\"82\"><\/td>\n<\/tr>\n<tr>\n<td width=\"235\">308 SW (4E_, 4H_)<\/td>\n<td width=\"204\">1,6 HDi<\/td>\n<td width=\"73\">2013-03<\/td>\n<td width=\"82\">2017-03<\/td>\n<\/tr>\n<tr>\n<td width=\"235\">308 SW II<\/td>\n<td width=\"204\">1.6 HDi \/ BlueHDi 115<\/td>\n<td width=\"73\">2014-03<\/td>\n<td width=\"82\"><\/td>\n<\/tr>\n<tr>\n<td width=\"235\">308 SW II<\/td>\n<td width=\"204\">1,6 HDi 92<\/td>\n<td width=\"73\">2014-03<\/td>\n<td width=\"82\"><\/td>\n<\/tr>\n<tr>\n<td width=\"235\">4008<\/td>\n<td width=\"204\">1,6 HDi<\/td>\n<td width=\"73\">05\/2012<\/td>\n<td width=\"82\"><\/td>\n<\/tr>\n<tr>\n<td width=\"235\">4008<\/td>\n<td width=\"204\">1.6 HDi AWC<\/td>\n<td width=\"73\">05\/2012<\/td>\n<td width=\"82\"><\/td>\n<\/tr>\n<tr>\n<td width=\"235\">5008<\/td>\n<td width=\"204\">1,6 HDi<\/td>\n<td width=\"73\">2010-08<\/td>\n<td width=\"82\"><\/td>\n<\/tr>\n<tr>\n<td width=\"235\">5008<\/td>\n<td width=\"204\">1,6 HDi<\/td>\n<td width=\"73\">2013-03<\/td>\n<td width=\"82\"><\/td>\n<\/tr>\n<tr>\n<td width=\"235\">508 I (8D_)<\/td>\n<td width=\"204\">1,6 HDi<\/td>\n<td width=\"73\">2010-11<\/td>\n<td width=\"82\"><\/td>\n<\/tr>\n<tr>\n<td width=\"235\">508 I (8D_)<\/td>\n<td width=\"204\">1,6 HDi<\/td>\n<td width=\"73\">2012-02<\/td>\n<td width=\"82\"><\/td>\n<\/tr>\n<tr>\n<td width=\"235\">508 SW I (8E_)<\/td>\n<td width=\"204\">1,6 HDi<\/td>\n<td width=\"73\">2010-11<\/td>\n<td width=\"82\"><\/td>\n<\/tr>\n<tr>\n<td width=\"235\">508 SW I (8E_)<\/td>\n<td width=\"204\">1,6 HDi<\/td>\n<td width=\"73\">2012-02<\/td>\n<td width=\"82\"><\/td>\n<\/tr>\n<tr>\n<td width=\"235\">Bo\u00eete EXPERT (VF3A_, VF3U_, VF3X_)<\/td>\n<td width=\"204\">1.6 HDi 90 16V<\/td>\n<td width=\"73\">2007-01<\/td>\n<td width=\"82\"><\/td>\n<\/tr>\n<tr>\n<td width=\"235\">Bo\u00eete EXPERT (VF3A_, VF3U_, VF3X_)<\/td>\n<td width=\"204\">1.6 HDi 90 8V<\/td>\n<td width=\"73\">2007-01<\/td>\n<td width=\"82\"><\/td>\n<\/tr>\n<tr>\n<td width=\"235\">Plateforme \/ ch\u00e2ssis EXPERT<\/td>\n<td width=\"204\">1.6 HDi 90 16V<\/td>\n<td width=\"73\">2007-01<\/td>\n<td width=\"82\"><\/td>\n<\/tr>\n<tr>\n<td width=\"235\">Plateforme \/ ch\u00e2ssis EXPERT<\/td>\n<td width=\"204\">1.6 HDi 90 8V<\/td>\n<td width=\"73\">2007-01<\/td>\n<td width=\"82\"><\/td>\n<\/tr>\n<tr>\n<td width=\"235\">Tepee EXPERT (VF3X_)<\/td>\n<td width=\"204\">1.6 HDi 90 16V<\/td>\n<td width=\"73\">2007-01<\/td>\n<td width=\"82\"><\/td>\n<\/tr>\n<tr>\n<td width=\"235\">Tepee EXPERT (VF3X_)<\/td>\n<td width=\"204\">1.6 HDi 90 8V<\/td>\n<td width=\"73\">2007-01<\/td>\n<td width=\"82\"><\/td>\n<\/tr>\n<tr>\n<td width=\"235\">Bo\u00eete PARTNER<\/td>\n<td width=\"204\">1,6 HDi<\/td>\n<td width=\"73\">2008-04<\/td>\n<td width=\"82\"><\/td>\n<\/tr>\n<tr>\n<td width=\"235\">Bo\u00eete PARTNER<\/td>\n<td width=\"204\">1,6 HDi<\/td>\n<td width=\"73\">2011-12<\/td>\n<td width=\"82\"><\/td>\n<\/tr>\n<tr>\n<td width=\"235\">Bo\u00eete PARTNER<\/td>\n<td width=\"204\">1,6 HDi<\/td>\n<td width=\"73\">2013-03<\/td>\n<td width=\"82\"><\/td>\n<\/tr>\n<tr>\n<td width=\"235\">Bo\u00eete PARTNER<\/td>\n<td width=\"204\">1.6 HDi \/ BlueHDi 75<\/td>\n<td width=\"73\">2014-01<\/td>\n<td width=\"82\"><\/td>\n<\/tr>\n<tr>\n<td width=\"235\">Bo\u00eete PARTNER<\/td>\n<td width=\"204\">1.6 HDi 16V 4&#215;4<\/td>\n<td width=\"73\">2012-04<\/td>\n<td width=\"82\"><\/td>\n<\/tr>\n<tr>\n<td width=\"235\">Bo\u00eete PARTNER<\/td>\n<td width=\"204\">1,6 HDi 90<\/td>\n<td width=\"73\">2010-04<\/td>\n<td width=\"82\"><\/td>\n<\/tr>\n<tr>\n<td width=\"235\">Plateforme \/ ch\u00e2ssis PARTNER<\/td>\n<td width=\"204\">1,6 HDi<\/td>\n<td width=\"73\">2009-01<\/td>\n<td width=\"82\"><\/td>\n<\/tr>\n<tr>\n<td width=\"235\">Plateforme \/ ch\u00e2ssis PARTNER<\/td>\n<td width=\"204\">1,6 HDi<\/td>\n<td width=\"73\">2013-03<\/td>\n<td width=\"82\"><\/td>\n<\/tr>\n<tr>\n<td width=\"235\">PARTENAIRE Tepee<\/td>\n<td width=\"204\">1,6 HDi<\/td>\n<td width=\"73\">2008-04<\/td>\n<td width=\"82\"><\/td>\n<\/tr>\n<tr>\n<td width=\"235\">PARTENAIRE Tepee<\/td>\n<td width=\"204\">1,6 HDi<\/td>\n<td width=\"73\">2010-08<\/td>\n<td width=\"82\"><\/td>\n<\/tr>\n<tr>\n<td width=\"235\">PARTENAIRE Tepee<\/td>\n<td width=\"204\">1,6 HDi<\/td>\n<td width=\"73\">2013-03<\/td>\n<td width=\"82\"><\/td>\n<\/tr>\n<tr>\n<td width=\"235\">PARTENAIRE Tepee<\/td>\n<td width=\"204\">1,6 HDi<\/td>\n<td width=\"73\">2013-03<\/td>\n<td width=\"82\"><\/td>\n<\/tr>\n<tr>\n<td width=\"235\">PARTENAIRE Tepee<\/td>\n<td width=\"204\">1.6 HDi \/ BlueHDi 75<\/td>\n<td width=\"73\">2015-01<\/td>\n<td width=\"82\"><\/td>\n<\/tr>\n<tr>\n<td width=\"235\">PARTENAIRE Tepee<\/td>\n<td width=\"204\">1,6 HDi 90<\/td>\n<td width=\"73\">2010-04<\/td>\n<td width=\"82\"><\/td>\n<\/tr>\n<tr>\n<td width=\"235\"><strong>TOYOTA<\/strong><\/td>\n<td width=\"204\">&nbsp;<\/td>\n<td width=\"73\">&nbsp;<\/td>\n<td width=\"82\">&nbsp;<\/td>\n<\/tr>\n<tr>\n<td width=\"235\">Bo\u00eete PROACE \/ Estatei (MDX_)<\/td>\n<td width=\"204\">1,6 D (MDX9_)<\/td>\n<td width=\"73\">2013-06<\/td>\n<td width=\"82\">06\/06\/2016<\/td>\n<\/tr>\n<\/tbody>\n<\/table>\n<p>Marque de v\u00e9hicule : CITROEN, FIAT, MITSUBISHI, PEUGEOT, TOYOTA, 206+, 207, 207+, 208, 301, 308, 508, 2008, 3008, 4008, 5008, Expert, Partner, Tepee, Proace<\/p>\n<p>Autre num\u00e9ro de pi\u00e8ce : F026402862, N2862, HDF625, H350WK, WK 9034 Z, WK9034Z, ELG5406, CS762<\/p>\n<p>Num\u00e9ro de r\u00e9f\u00e9rence OE\/OEM : 1901.97, 190197, 1901 97, 1906.E6, 1906E6, 1906 E6, 9672314980, 9672320980, 9809721080, 9809757980, SU001A0684<\/p>\n<p>Autre Termes : Filtre Diesel, Filtre Gasoil, Filtre Carburant<\/p>","protected":false},"featured_media":11111,"comment_status":"open","ping_status":"closed","template":"","meta":{"content-type":""},"product_cat":[140],"product_tag":[],"class_list":{"0":"post-10952","1":"product","2":"type-product","3":"status-publish","4":"has-post-thumbnail","6":"product_cat-accessoires-et-equipements","8":"first","9":"instock","10":"sale","11":"shipping-taxable","12":"purchasable","13":"product-type-simple"},"aioseo_notices":[],"jetpack_sharing_enabled":true,"_links":{"self":[{"href":"https:\/\/drs-auto.fr\/en\/wp-json\/wp\/v2\/product\/10952","targetHints":{"allow":["GET"]}}],"collection":[{"href":"https:\/\/drs-auto.fr\/en\/wp-json\/wp\/v2\/product"}],"about":[{"href":"https:\/\/drs-auto.fr\/en\/wp-json\/wp\/v2\/types\/product"}],"replies":[{"embeddable":true,"href":"https:\/\/drs-auto.fr\/en\/wp-json\/wp\/v2\/comments?post=10952"}],"version-history":[{"count":2,"href":"https:\/\/drs-auto.fr\/en\/wp-json\/wp\/v2\/product\/10952\/revisions"}],"predecessor-version":[{"id":12072,"href":"https:\/\/drs-auto.fr\/en\/wp-json\/wp\/v2\/product\/10952\/revisions\/12072"}],"wp:featuredmedia":[{"embeddable":true,"href":"https:\/\/drs-auto.fr\/en\/wp-json\/wp\/v2\/media\/11111"}],"wp:attachment":[{"href":"https:\/\/drs-auto.fr\/en\/wp-json\/wp\/v2\/media?parent=10952"}],"wp:term":[{"taxonomy":"product_cat","embeddable":true,"href":"https:\/\/drs-auto.fr\/en\/wp-json\/wp\/v2\/product_cat?post=10952"},{"taxonomy":"product_tag","embeddable":true,"href":"https:\/\/drs-auto.fr\/en\/wp-json\/wp\/v2\/product_tag?post=10952"}],"curies":[{"name":"wp","href":"https:\/\/api.w.org\/{rel}","templated":true}]}}