
{"id":10951,"date":"2023-10-10T16:54:35","date_gmt":"2023-10-10T14:54:35","guid":{"rendered":"https:\/\/drs-auto.fr\/?post_type=product&#038;p=10951"},"modified":"2023-10-10T20:22:54","modified_gmt":"2023-10-10T18:22:54","slug":"electrovanne-1618x2-9661960380-2-0-hdi-16v-citroen-peugeot-fiat","status":"publish","type":"product","link":"https:\/\/drs-auto.fr\/en\/product\/electrovanne-1618x2-9661960380-2-0-hdi-16v-citroen-peugeot-fiat\/","title":{"rendered":"Electrovanne 1618X2 9661960380 2.0 HDI 16v Citroen Peugeot Fiat"},"content":{"rendered":"","protected":false},"excerpt":{"rendered":"<p><strong>ETAT<\/strong>: Neuf<\/p>\n<p><strong>Marque<\/strong> : Peugeot , Citro\u00ebn<\/p>\n<p><strong>Num\u00e9ro de r\u00e9f\u00e9rence OE\/OEM<\/strong> :1618X2 1618 X2 1618.X2 ( 70163300)<\/p>\n<p><strong>Moteur<\/strong> : 2,0 HDi 16v \/ 2,0 JTD 2.0 HDi 16v \/ 2.0 JTD<\/p>\n<p>&nbsp;<\/p>\n<p>&nbsp;<\/p>","protected":false},"featured_media":11107,"comment_status":"open","ping_status":"closed","template":"","meta":{"content-type":""},"product_cat":[135,139],"product_tag":[],"class_list":{"0":"post-10951","1":"product","2":"type-product","3":"status-publish","4":"has-post-thumbnail","6":"product_cat-antipollution","7":"product_cat-electrovannes","9":"first","10":"instock","11":"shipping-taxable","12":"purchasable","13":"product-type-simple"},"aioseo_notices":[],"jetpack_sharing_enabled":true,"_links":{"self":[{"href":"https:\/\/drs-auto.fr\/en\/wp-json\/wp\/v2\/product\/10951","targetHints":{"allow":["GET"]}}],"collection":[{"href":"https:\/\/drs-auto.fr\/en\/wp-json\/wp\/v2\/product"}],"about":[{"href":"https:\/\/drs-auto.fr\/en\/wp-json\/wp\/v2\/types\/product"}],"replies":[{"embeddable":true,"href":"https:\/\/drs-auto.fr\/en\/wp-json\/wp\/v2\/comments?post=10951"}],"version-history":[{"count":1,"href":"https:\/\/drs-auto.fr\/en\/wp-json\/wp\/v2\/product\/10951\/revisions"}],"predecessor-version":[{"id":11110,"href":"https:\/\/drs-auto.fr\/en\/wp-json\/wp\/v2\/product\/10951\/revisions\/11110"}],"wp:featuredmedia":[{"embeddable":true,"href":"https:\/\/drs-auto.fr\/en\/wp-json\/wp\/v2\/media\/11107"}],"wp:attachment":[{"href":"https:\/\/drs-auto.fr\/en\/wp-json\/wp\/v2\/media?parent=10951"}],"wp:term":[{"taxonomy":"product_cat","embeddable":true,"href":"https:\/\/drs-auto.fr\/en\/wp-json\/wp\/v2\/product_cat?post=10951"},{"taxonomy":"product_tag","embeddable":true,"href":"https:\/\/drs-auto.fr\/en\/wp-json\/wp\/v2\/product_tag?post=10951"}],"curies":[{"name":"wp","href":"https:\/\/api.w.org\/{rel}","templated":true}]}}