
{"id":10950,"date":"2023-10-10T16:54:35","date_gmt":"2023-10-10T14:54:35","guid":{"rendered":"https:\/\/drs-auto.fr\/?post_type=product&#038;p=10950"},"modified":"2023-10-10T20:22:46","modified_gmt":"2023-10-10T18:22:46","slug":"tendeur-chaine-de-distribution-citroen-c4-c5-peugeot-5008-1-6-hdi-tdci-0816j1","status":"publish","type":"product","link":"https:\/\/drs-auto.fr\/en\/product\/tendeur-chaine-de-distribution-citroen-c4-c5-peugeot-5008-1-6-hdi-tdci-0816j1\/","title":{"rendered":"Tendeur &#038; Cha\u00eene de Distribution Citroen C4 C5 Peugeot 5008 1.6 HDI TDCI 0816J1"},"content":{"rendered":"","protected":false},"excerpt":{"rendered":"<p>Num\u00e9ro de r\u00e9f\u00e9rence OE\/OEM: 9658356980 0816J0 0816.J0 0816 J0, 0816J1 0816.J1 0816 J1 0816F6 0816.F6 0816 F6<\/p>","protected":false},"featured_media":11102,"comment_status":"open","ping_status":"closed","template":"","meta":{"content-type":""},"product_cat":[125,138],"product_tag":[],"class_list":{"0":"post-10950","1":"product","2":"type-product","3":"status-publish","4":"has-post-thumbnail","6":"product_cat-haut-moteur","7":"product_cat-tendeur-chaine-de-distribution","9":"first","10":"instock","11":"sale","12":"shipping-taxable","13":"purchasable","14":"product-type-simple"},"aioseo_notices":[],"jetpack_sharing_enabled":true,"_links":{"self":[{"href":"https:\/\/drs-auto.fr\/en\/wp-json\/wp\/v2\/product\/10950","targetHints":{"allow":["GET"]}}],"collection":[{"href":"https:\/\/drs-auto.fr\/en\/wp-json\/wp\/v2\/product"}],"about":[{"href":"https:\/\/drs-auto.fr\/en\/wp-json\/wp\/v2\/types\/product"}],"replies":[{"embeddable":true,"href":"https:\/\/drs-auto.fr\/en\/wp-json\/wp\/v2\/comments?post=10950"}],"version-history":[{"count":1,"href":"https:\/\/drs-auto.fr\/en\/wp-json\/wp\/v2\/product\/10950\/revisions"}],"predecessor-version":[{"id":11106,"href":"https:\/\/drs-auto.fr\/en\/wp-json\/wp\/v2\/product\/10950\/revisions\/11106"}],"wp:featuredmedia":[{"embeddable":true,"href":"https:\/\/drs-auto.fr\/en\/wp-json\/wp\/v2\/media\/11102"}],"wp:attachment":[{"href":"https:\/\/drs-auto.fr\/en\/wp-json\/wp\/v2\/media?parent=10950"}],"wp:term":[{"taxonomy":"product_cat","embeddable":true,"href":"https:\/\/drs-auto.fr\/en\/wp-json\/wp\/v2\/product_cat?post=10950"},{"taxonomy":"product_tag","embeddable":true,"href":"https:\/\/drs-auto.fr\/en\/wp-json\/wp\/v2\/product_tag?post=10950"}],"curies":[{"name":"wp","href":"https:\/\/api.w.org\/{rel}","templated":true}]}}