
{"id":10879,"date":"2023-10-10T16:54:11","date_gmt":"2023-10-10T14:54:11","guid":{"rendered":"https:\/\/drs-auto.fr\/?post_type=product&#038;p=10879"},"modified":"2023-10-10T16:55:04","modified_gmt":"2023-10-10T14:55:04","slug":"vanne-egr-mitsubishi-nissan-opel-renault-vauxhall-volvo-1-9-l-8200282880","status":"publish","type":"product","link":"https:\/\/drs-auto.fr\/en\/product\/vanne-egr-mitsubishi-nissan-opel-renault-vauxhall-volvo-1-9-l-8200282880\/","title":{"rendered":"VANNE EGR MITSUBISHI, NISSAN, OPEL, RENAULT, VAUXHALL, VOLVO 1.9 L \/ 8200282880"},"content":{"rendered":"<p style=\"text-align: center;\">VANNE EGR POUR MITSUBISHI, NISSAN, OPEL, RENAULT, VAUXHALL ET VOLVO 1.9 L \/ 8200282880<\/p>\n<p style=\"text-align: left;\"><strong>CYLINDR\u00c9E :<\/strong> 1.9 CDTi , 1.9 D , 1.9 DI , 1.9 DI-D, 1.9 TDi , 1.9 DCi<\/p>\n<p style=\"text-align: left;\"><strong>PUISSANCE :<\/strong> 64, 65, 80, 82, 92, 100, 102, 105, 107, 110, 115, 117, 120 CV<\/p>\n<p style=\"text-align: left;\"><strong>MOTEUR :<\/strong>\u00a0F9Q,\u00a0F9Q 800<\/p>\n<p style=\"text-align: left;\"><b>ANN\u00c9E<\/b><strong>\u00a0:\u00a0<\/strong>A partir de 1999<\/p>\n<p style=\"text-align: left;\"><strong>R\u00c9F\u00c9RENCES D&rsquo;ORIGINE :\u00a0<\/strong><\/p>\n<p style=\"text-align: left;\">93160003, 93160754, 93161069, 93161219, 93161487, 93183146, 93188701, 4416575, 4430902, 4409585, 4411757, 4412632, 4413408, 4415798, 82 00 149 333, 8200229190, 8200231630, 8200282880, 8200467001, 8200542997, H7700107471, 7700107797, M616666, MW30638635, MW30670108, 14985, EGR069, ERV051, 36000979, 8200360200<\/p>\n<p style=\"text-align: left;\"><strong>R\u00c9F\u00c9RENCES FABRIQUANT :\u00a0<\/strong><\/p>\n<p style=\"text-align: left;\">555032, 7518012, FDR142, 88012, 892034, 72281802, 722818020, 72281823, 722818230, 72281830, 722818300, 72281837, 722818370, 72281838, 722818380, 72281843, 722818430, 72281852, 722818520, 72281854, 722818540, 72281857, 722818570, XEGR27, 83.653, V40-63-0008, EG10296, EG1029612B1, EG10296-12B1, 424740041, 88012R, 88512, LVER185, EV-EU004<\/p>\n<p style=\"text-align: left;\"><strong>V\u00c9HICULES\u00a0 COMPATIBLE :<\/strong><\/p>\n<p style=\"text-align: left;\"><strong>MITSUBISHI<\/strong><\/p>\n<ul style=\"text-align: left;\">\n<li>MITSUBISHI CARISMA 2 (DA) 1.9 DI-D 102 cv<\/li>\n<li>MITSUBISHI CARISMA 2 (DA) 1.9 DI-D 115 cv<\/li>\n<li>MITSUBISHI CARISMA 2 (DA) BERLINE 1.9 DI-D 102 cv<\/li>\n<li>MITSUBISHI CARISMA 2 (DA) BERLINE 1.9 DI-D 115 cv<\/li>\n<li>MITSUBISHI SPACE STAR (DG) 1.9 DI-D 102 cv<\/li>\n<\/ul>\n<p style=\"text-align: left;\"><strong>NISSAN<\/strong><\/p>\n<ul style=\"text-align: left;\">\n<li>NISSAN INTERSTAR I (X70) Combi 1.9 dCi L1H1 Combi court 82 cv<\/li>\n<li>NISSAN INTERSTAR I (X70) 1.9 dCi L1H1 Fourgon 82 cv<\/li>\n<li>NISSAN INTERSTAR II (X70) 1.9 dCi L1H1 Fourgon 82 cv<\/li>\n<li>NISSAN INTERSTAR II (X70) Combi 1.9 dCi L1H1 Court 82 cv<\/li>\n<li>NISSAN PRIMASTAR (X83) 1.9 dCi Fourgon 82 cv<\/li>\n<li>NISSAN PRIMASTAR (X83) 1.9 dCi Combi court 82 cv<\/li>\n<li>NISSAN PRIMASTAR (X83) 1.9 dCi Combi long 82 cv<\/li>\n<\/ul>\n<p style=\"text-align: left;\"><strong>OPEL<\/strong><\/p>\n<ul style=\"text-align: left;\">\n<li>OPEL MOVANO A 1.9 Dti Combi moyen 82 cv<\/li>\n<li>OPEL MOVANO A 1.9 Dti Fourgon court L1 82 cv<\/li>\n<li>OPEL MOVANO A 1.9 Dti Combi court 82 cv<\/li>\n<li>OPEL MOVANO A PHASE 2 1.9 CDTi Fourgon 82 cv<\/li>\n<li>OPEL MOVANO A PHASE 2 1.9 CDTi Combi court 82 cv<\/li>\n<li>OPEL VIVARO A FOURGON 1.9 DI Fourgon 80 cv<\/li>\n<li>OPEL VIVARO A FOURGON 1.9 DTI Fourgon 100 cv<\/li>\n<li>OPEL VIVARO A PLANCHER CABINE 1.9 DI Plateau double cabine long 80 cv<\/li>\n<li>OPEL VIVARO A PLANCHER CABINE 1.9 DI Plancher cabine long 80 cv<\/li>\n<li>OPEL VIVARO A PLANCHER CABINE 1.9 DTI Plancher cabine long 100 cv<\/li>\n<li>OPEL VIVARO A PLANCHER CABINE 1.9 DI Plateau double cabine 80 cv<\/li>\n<li>OPEL VIVARO A PLANCHER CABINE 1.9 DTI plateau double cabine 100 cv<\/li>\n<li>OPEL VIVARO COMBI\/MINIBUS 1.9 DTI Combi long 100 cv<\/li>\n<li>OPEL VIVARO COMBI\/MINIBUS 1.9 DI Combi long 80 cv<\/li>\n<li>OPEL VIVARO COMBI\/MINIBUS 1.9 DTI Combi court 100 cv<\/li>\n<li>OPEL VIVARO COMBI\/MINIBUS 1.9 DI Combi court 80 cv<\/li>\n<\/ul>\n<p style=\"text-align: left;\"><strong>RENAULT<\/strong><\/p>\n<ul style=\"text-align: left;\">\n<li>RENAULT CLIO II 3 PORTES 1.9 D 64 cv<\/li>\n<li>RENAULT CLIO II 3 PORTES 1.9 dTi 82 cv<\/li>\n<li>RENAULT CLIO II 5 PORTES 1.9 D 64 cv<\/li>\n<li>RENAULT CLIO II 5 PORTES 1.9 dTi 82 cv<\/li>\n<li>RENAULT CLIO II PHASE 2 3 PORTES 1.9 D 64 cv<\/li>\n<li>RENAULT CLIO II PHASE 2 3 PORTES 1.9 dTi 82 cv<\/li>\n<li>RENAULT CLIO II PHASE 2 5 PORTES 1.9 D 64 cv<\/li>\n<li>RENAULT CLIO II PHASE 2 5 PORTES 1.9 dTi 82 cv<\/li>\n<li>RENAULT ESPACE IV 1.9 dCi 117 cv<\/li>\n<li>RENAULT ESPACE IV 1.9 dCi 120 cv<\/li>\n<li>RENAULT GRAND ESPACE IV 1.9 dCi 120 cv<\/li>\n<li>RENAULT KANGOO EXPRESS I FOURGON 1.9 D 65 cv<\/li>\n<li>RENAULT KANGOO EXPRESS I FOURGON 1.9 dCi 4&#215;4 80 cv<\/li>\n<li>RENAULT KANGOO EXPRESS I PHASE 2 1.9 dCi 80 cv<\/li>\n<li>RENAULT KANGOO EXPRESS I PHASE 2 1.9 D 65 cv<\/li>\n<li>RENAULT KANGOO EXTRA (GB) 1.9 D 65 cv<\/li>\n<li>RENAULT KANGOO I BREAK 1.9 dCi 4&#215;4 80 cv<\/li>\n<li>RENAULT KANGOO I BREAK 1.9 D 65 cv<\/li>\n<li>RENAULT KANGOO I PHASE 2 BREAK 1.9 D 65 cv<\/li>\n<li>RENAULT KANGOO I PHASE 2 BREAK 1.9 dCi 4&#215;4 80 cv<\/li>\n<li>RENAULT LAGUNA I PHASE 2 (B56) 1.9 dCi 107 cv<\/li>\n<li>RENAULT LAGUNA II (BG0) ESTATE (KG) 1.9 dCi Break 105 cv<\/li>\n<li>RENAULT LAGUNA II (BG0) ESTATE (KG) 1.9 dCi Break 110 cv<\/li>\n<li>RENAULT LAGUNA II (BG0) ESTATE (KG) 1.9 dCi Break 107 cv<\/li>\n<li>RENAULT LAGUNA II (BG0) ESTATE (KG) 1.9 dCi Break 120 cv<\/li>\n<li>RENAULT LAGUNA II BERLINE (BG) 1.9 dCi 92 cv<\/li>\n<li>RENAULT LAGUNA II BERLINE (BG) 1.9 dCi 105 cv<\/li>\n<li>RENAULT LAGUNA II BERLINE (BG) 1.9 dCi 107 cv<\/li>\n<li>RENAULT LAGUNA II PHASE 2 (BG) BERLINE 1.9 dCi 120 cv<\/li>\n<li>RENAULT LAGUNA II PHASE 2 (BG) BERLINE 1.9 dCi 105 cv<\/li>\n<li>RENAULT LAGUNA II PHASE 2 (BG) BERLINE 1.9 dCi 107 cv<\/li>\n<li>RENAULT LAGUNA II PHASE 2 (KG) ESTATE 1.9 dCi Break 107 cv<\/li>\n<li>RENAULT LAGUNA II PHASE 2 (KG) ESTATE 1.9 dCi Break 120 cv<\/li>\n<li>RENAULT LAGUNA II PHASE 2 (KG) ESTATE 1.9 dCi Break 105 cv<\/li>\n<li>RENAULT LAGUNA II PHASE 2 (KG) ESTATE 1.9 dCi Break 92 cv<\/li>\n<li>RENAULT LAGUNA NEVADA PHASE 2 (K56) 1.9 dCi Break 107 cv<\/li>\n<li>RENAULT MASTER II T28 1.9 dCi Combi court 82 cv<\/li>\n<li>RENAULT MASTER II T28 1.9 dCi Fourgon 82 cv<\/li>\n<li>RENAULT MASTER II PHASE 2 1.9 dCi Combi court 82 cv<\/li>\n<li>RENAULT M\u00c9GANE CLASSIC PHASE 1 1.9 dTi Berline 80 cv<\/li>\n<li>RENAULT M\u00c9GANE CLASSIC PHASE 2 1.9 dCi Berline 105 cv<\/li>\n<li>RENAULT M\u00c9GANE CLASSIC PHASE 2 1.9 dTi Berline 80 cv<\/li>\n<li>RENAULT M\u00c9GANE I PHASE 2 (BA\/S) BERLINE 1.9 dCi Soci\u00e9t\u00e9 105 cv<\/li>\n<li>RENAULT M\u00c9GANE I PHASE 2 (BA\/S) BERLINE 1.9 dCi 105 cv<\/li>\n<li>RENAULT M\u00c9GANE I PHASE 2 BREAK (KA) 1.9 D 65 cv<\/li>\n<li>RENAULT M\u00c9GANE I PHASE 2 BREAK (KA) 1.9 dCi 105 cv<\/li>\n<li>RENAULT M\u00c9GANE I PHASE 2 COUP\u00c9 (DA) 1.9 dCi Coup\u00e9 105 cv<\/li>\n<li>RENAULT M\u00c9GANE SCENIC PHASE2 1.9 dCi 105 cv<\/li>\n<li>RENAULT M\u00c9GANE SCENIC PHASE2 1.9 dCi 4&#215;4 105 cv<\/li>\n<li>RENAULT TRAFIC II 1.9 dCi Fourgon 100 cv<\/li>\n<li>RENAULT TRAFIC II 1.9 dCi Combi court 100 cv<\/li>\n<li>RENAULT TRAFIC II 1.9 dCi Combi long 82 cv<\/li>\n<li>RENAULT TRAFIC II 1.9 dCi Ch\u00e2ssis cabine long 100 cv<\/li>\n<li>RENAULT TRAFIC II 1.9 dCi Fourgon 82 cv<\/li>\n<li>RENAULT TRAFIC II 1.9 dCi Combi court 82 cv<\/li>\n<li>RENAULT TRAFIC II 1.9 dCi Combi long 100 cv<\/li>\n<\/ul>\n<p style=\"text-align: left;\"><strong>VAUXHALL<\/strong><\/p>\n<ul style=\"text-align: left;\">\n<li>VAUXHALL MOVANO A Movano 1.9 Dti 82 cv<\/li>\n<li>VAUXHALL VIVARO A FOURGON Vivaro 1.9 DTI Fourgon court 100 cv<\/li>\n<li>VAUXHALL VIVARO A FOURGON Vivaro 1.9 DI 80 cv<\/li>\n<li>VAUXHALL VIVARO COMBI\/MINIBUS Vivaro 1.9 DI 80 cv<\/li>\n<li>VAUXHALL VIVARO COMBI\/MINIBUS Vivaro 1.9 DTI 100 cv<\/li>\n<\/ul>\n<p style=\"text-align: left;\"><strong>VOLVO<\/strong><\/p>\n<div class=\"container\" style=\"text-align: left;\">\n<div class=\"row\">\n<div id=\"content\" class=\"col-sm-12\">\n<article>\n<div class=\"tab-content mb30\">\n<div id=\"tab-description\" class=\"tab-pane active\" role=\"tabpanel\">\n<div>\n<ul>\n<li>VOLVO V40 1.9 TDi Break 102 cv<\/li>\n<\/ul>\n<\/div>\n<\/div>\n<\/div>\n<\/article>\n<\/div>\n<\/div>\n<\/div>\n<div class=\"container-fluid navbar-inverse\">\n<div class=\"container no-padding\">\n<nav class=\"row navbar\">\n<div class=\"navbar-header\" style=\"text-align: left;\"><\/div>\n<\/nav>\n<\/div>\n<\/div>","protected":false},"excerpt":{"rendered":"<p>VANNE EGR POUR MITSUBISHI, NISSAN, OPEL, RENAULT, VAUXHALL ET VOLVO 1.9 L \/ 8200282880 CYLINDR\u00c9E : 1.9 CDTi , 1.9<\/p>","protected":false},"featured_media":11031,"comment_status":"open","ping_status":"closed","template":"","meta":{"content-type":""},"product_cat":[135,136],"product_tag":[],"class_list":{"0":"post-10879","1":"product","2":"type-product","3":"status-publish","4":"has-post-thumbnail","6":"product_cat-antipollution","7":"product_cat-vanne-egr","9":"first","10":"instock","11":"shipping-taxable","12":"purchasable","13":"product-type-simple"},"aioseo_notices":[],"jetpack_sharing_enabled":true,"_links":{"self":[{"href":"https:\/\/drs-auto.fr\/en\/wp-json\/wp\/v2\/product\/10879","targetHints":{"allow":["GET"]}}],"collection":[{"href":"https:\/\/drs-auto.fr\/en\/wp-json\/wp\/v2\/product"}],"about":[{"href":"https:\/\/drs-auto.fr\/en\/wp-json\/wp\/v2\/types\/product"}],"replies":[{"embeddable":true,"href":"https:\/\/drs-auto.fr\/en\/wp-json\/wp\/v2\/comments?post=10879"}],"version-history":[{"count":1,"href":"https:\/\/drs-auto.fr\/en\/wp-json\/wp\/v2\/product\/10879\/revisions"}],"predecessor-version":[{"id":11035,"href":"https:\/\/drs-auto.fr\/en\/wp-json\/wp\/v2\/product\/10879\/revisions\/11035"}],"wp:featuredmedia":[{"embeddable":true,"href":"https:\/\/drs-auto.fr\/en\/wp-json\/wp\/v2\/media\/11031"}],"wp:attachment":[{"href":"https:\/\/drs-auto.fr\/en\/wp-json\/wp\/v2\/media?parent=10879"}],"wp:term":[{"taxonomy":"product_cat","embeddable":true,"href":"https:\/\/drs-auto.fr\/en\/wp-json\/wp\/v2\/product_cat?post=10879"},{"taxonomy":"product_tag","embeddable":true,"href":"https:\/\/drs-auto.fr\/en\/wp-json\/wp\/v2\/product_tag?post=10879"}],"curies":[{"name":"wp","href":"https:\/\/api.w.org\/{rel}","templated":true}]}}