
{"id":10682,"date":"2023-10-10T16:52:57","date_gmt":"2023-10-10T14:52:57","guid":{"rendered":"https:\/\/drs-auto.fr\/?post_type=product&#038;p=10682"},"modified":"2023-10-10T16:53:28","modified_gmt":"2023-10-10T14:53:28","slug":"debitmetre-citroen-peugeot-fiat-ford-mazda-volvo-mini-1920gv","status":"publish","type":"product","link":"https:\/\/drs-auto.fr\/en\/product\/debitmetre-citroen-peugeot-fiat-ford-mazda-volvo-mini-1920gv\/","title":{"rendered":"D\u00c9BITM\u00c8TRE CITRO\u00cbN, PEUGEOT, FIAT, FORD, MAZDA, VOLVO, MINI \/ 1920GV"},"content":{"rendered":"<p>D\u00c9BITM\u00c8TRE POUR CITRO\u00cbN, PEUGEOT, FIAT, FORD, MAZDA, VOLVO ET MINI 1.6 L \/ HDi\/TDCi D Multijet\u00a0 \/ 1920GV<\/p>\n<p>R\u00c9F\u00c9RENCES\u00a0CITRO\u00cbN : 1920 GV \/ 1920 EX &#8211;\u00a01920 LC \/ 96 500 107 80 \/ 9650010780 \/ 1920EX \/ 1610874680 \/ 1920LC \/ 1920GV<\/p>\n<p>CITRO\u00cbN C3 1.6 HDi 16V<\/p>\n<p>CITRO\u00cbN C4 1.6 HDi<\/p>\n<p>CITRO\u00cbN C5\u00a01.6 HDi<\/p>\n<p>CITRO\u00cbN XSARA PICASSO 1.6 HDi<\/p>\n<p>R\u00c9F\u00c9RENCES\u00a0PEUGEOT :\u00a0920 GV \/ 1920 EX \/ 1920 LC \/ 96 500 107 80 \/ 9650010780 \/ 1920EX \/ 1920LC \/ 1920GV<\/p>\n<p>PEUGEOT\u00a0 206 CC\u00a01.6 HDi<\/p>\n<p>PEUGEOT\u00a0 307\u00a01.6 HDi<\/p>\n<p>PEUGEOT\u00a0 307 Break\u00a01.6 HDi<\/p>\n<p>PEUGEOT\u00a0 307 SW\u00a01.6 HDi<\/p>\n<p>PEUGEOT\u00a0 407 1.6 HDi<\/p>\n<p>R\u00c9F\u00c9RENCES\u00a0FIAT :\u00a071794490 \/ 71794492 \/ 9650010780<\/p>\n<p>SCUDO 1.6 D\u00a0Multijet<\/p>\n<p>R\u00c9F\u00c9RENCES\u00a0FORD :<\/p>\n<p>FORD FIESTA V 1.6 TDCi<\/p>\n<p>FORD FUSION\u00a01.6 TDCi<\/p>\n<p>MAZDA 3 1.6 DI<\/p>\n<p>VOLVO V50 1.6 d<\/p>\n<p>R\u00c9F\u00c9RENCES FABRIQUANT : 72834206 \/ 728342060 \/ 7.28342.06 \/ 7.28342.06.0<\/p>","protected":false},"excerpt":{"rendered":"<p>D\u00c9BITM\u00c8TRE POUR CITRO\u00cbN, PEUGEOT, FIAT, FORD, MAZDA, VOLVO ET MINI 1.6 L \/ HDi\/TDCi D Multijet\u00a0 \/ 1920GV R\u00c9F\u00c9RENCES\u00a0CITRO\u00cbN :<\/p>","protected":false},"featured_media":10755,"comment_status":"open","ping_status":"closed","template":"","meta":{"content-type":""},"product_cat":[131,132],"product_tag":[],"class_list":{"0":"post-10682","1":"product","2":"type-product","3":"status-publish","4":"has-post-thumbnail","6":"product_cat-alimentation","7":"product_cat-debitmetres","9":"first","10":"instock","11":"shipping-taxable","12":"purchasable","13":"product-type-simple"},"aioseo_notices":[],"jetpack_sharing_enabled":true,"_links":{"self":[{"href":"https:\/\/drs-auto.fr\/en\/wp-json\/wp\/v2\/product\/10682","targetHints":{"allow":["GET"]}}],"collection":[{"href":"https:\/\/drs-auto.fr\/en\/wp-json\/wp\/v2\/product"}],"about":[{"href":"https:\/\/drs-auto.fr\/en\/wp-json\/wp\/v2\/types\/product"}],"replies":[{"embeddable":true,"href":"https:\/\/drs-auto.fr\/en\/wp-json\/wp\/v2\/comments?post=10682"}],"version-history":[{"count":1,"href":"https:\/\/drs-auto.fr\/en\/wp-json\/wp\/v2\/product\/10682\/revisions"}],"predecessor-version":[{"id":10759,"href":"https:\/\/drs-auto.fr\/en\/wp-json\/wp\/v2\/product\/10682\/revisions\/10759"}],"wp:featuredmedia":[{"embeddable":true,"href":"https:\/\/drs-auto.fr\/en\/wp-json\/wp\/v2\/media\/10755"}],"wp:attachment":[{"href":"https:\/\/drs-auto.fr\/en\/wp-json\/wp\/v2\/media?parent=10682"}],"wp:term":[{"taxonomy":"product_cat","embeddable":true,"href":"https:\/\/drs-auto.fr\/en\/wp-json\/wp\/v2\/product_cat?post=10682"},{"taxonomy":"product_tag","embeddable":true,"href":"https:\/\/drs-auto.fr\/en\/wp-json\/wp\/v2\/product_tag?post=10682"}],"curies":[{"name":"wp","href":"https:\/\/api.w.org\/{rel}","templated":true}]}}