
{"id":10679,"date":"2023-10-10T16:52:57","date_gmt":"2023-10-10T14:52:57","guid":{"rendered":"https:\/\/drs-auto.fr\/?post_type=product&#038;p=10679"},"modified":"2026-03-24T18:51:51","modified_gmt":"2026-03-24T17:51:51","slug":"debitmetre-peugeot-citroen-ford-1-4l-hdi-tdci-5wk97004","status":"publish","type":"product","link":"https:\/\/drs-auto.fr\/en\/product\/debitmetre-peugeot-citroen-ford-1-4l-hdi-tdci-5wk97004\/","title":{"rendered":"D\u00c9BITM\u00c8TRE PEUGEOT, CITRO\u00cbN, FORD 1.4L HDi\/TDCi \/ 5WK97004"},"content":{"rendered":"<p>D\u00c9BITM\u00c8TRE POUR PEUGEOT, CITRO\u00cbN ET FORD 1.4L HDi\/TDCi \/ 5WK97004<\/p>\n<p>R\u00c9F\u00c9RENCES\u00a0 PEUGEOT\/CITRO\u00cbN\u00a0:\u00a01920GG \/ 1920.GG \/ 9647144080<\/p>\n<p>C1\u00a0 1.4 HDi<\/p>\n<p>C2\u00a0\u00a01.4 HDi<\/p>\n<p>C3\u00a0 1.4 HDi<\/p>\n<p>C3 Pluriel 1.4 HDi<\/p>\n<p>NEMO Break 1.4 HDi<\/p>\n<p>NEMO Camionnette 1.4 HDi<\/p>\n<p>107\u00a0 1.4 HDi<\/p>\n<p>206\u00a0 1.4 HDi\u00a0eco 70<\/p>\n<p>206 SW 1.4 HDi<\/p>\n<p>207\u00a0 1.4 HDi<\/p>\n<p>1007\u00a0 1.4 HDi<\/p>\n<p>BIPPER\u00a0 1.4 HDi<\/p>\n<p>BIPPER Tepee\u00a0 1.4 HDi<\/p>\n<p>R\u00c9F\u00c9RENCES\u00a0 FORD :\u00a01 333 637 \/ 1 348 615 \/ 2S6Q 12B579 BA \/ 2S6Q 12B579 BB \/ 1333637 \/ 1348615 \/ 2S6Q12B579BA \/ 2S6Q12B579BB<\/p>\n<p>FIESTA V\u00a0 1.4 TDCi<\/p>\n<p>FUSION\u00a0 1.4 TDCi<\/p>\n<p>R\u00c9F\u00c9RENCES FABRIQUANT :\u00a05WK97004Z &#8211; 5WK97004 &#8211; 5WK9 7004<\/p>","protected":false},"excerpt":{"rendered":"<p>D\u00c9BITM\u00c8TRE POUR PEUGEOT, CITRO\u00cbN ET FORD 1.4L HDi\/TDCi \/ 5WK97004 R\u00c9F\u00c9RENCES\u00a0 PEUGEOT\/CITRO\u00cbN\u00a0:\u00a01920GG \/ 1920.GG \/ 9647144080 C1\u00a0 1.4 HDi C2\u00a0\u00a01.4<\/p>","protected":false},"featured_media":10727,"comment_status":"open","ping_status":"closed","template":"","meta":{"content-type":""},"product_cat":[131,132],"product_tag":[],"class_list":{"0":"post-10679","1":"product","2":"type-product","3":"status-publish","4":"has-post-thumbnail","6":"product_cat-alimentation","7":"product_cat-debitmetres","9":"first","10":"instock","11":"shipping-taxable","12":"purchasable","13":"product-type-simple"},"aioseo_notices":[],"jetpack_sharing_enabled":true,"_links":{"self":[{"href":"https:\/\/drs-auto.fr\/en\/wp-json\/wp\/v2\/product\/10679","targetHints":{"allow":["GET"]}}],"collection":[{"href":"https:\/\/drs-auto.fr\/en\/wp-json\/wp\/v2\/product"}],"about":[{"href":"https:\/\/drs-auto.fr\/en\/wp-json\/wp\/v2\/types\/product"}],"replies":[{"embeddable":true,"href":"https:\/\/drs-auto.fr\/en\/wp-json\/wp\/v2\/comments?post=10679"}],"version-history":[{"count":1,"href":"https:\/\/drs-auto.fr\/en\/wp-json\/wp\/v2\/product\/10679\/revisions"}],"predecessor-version":[{"id":10731,"href":"https:\/\/drs-auto.fr\/en\/wp-json\/wp\/v2\/product\/10679\/revisions\/10731"}],"wp:featuredmedia":[{"embeddable":true,"href":"https:\/\/drs-auto.fr\/en\/wp-json\/wp\/v2\/media\/10727"}],"wp:attachment":[{"href":"https:\/\/drs-auto.fr\/en\/wp-json\/wp\/v2\/media?parent=10679"}],"wp:term":[{"taxonomy":"product_cat","embeddable":true,"href":"https:\/\/drs-auto.fr\/en\/wp-json\/wp\/v2\/product_cat?post=10679"},{"taxonomy":"product_tag","embeddable":true,"href":"https:\/\/drs-auto.fr\/en\/wp-json\/wp\/v2\/product_tag?post=10679"}],"curies":[{"name":"wp","href":"https:\/\/api.w.org\/{rel}","templated":true}]}}