
{"id":10675,"date":"2023-10-10T16:52:56","date_gmt":"2023-10-10T14:52:56","guid":{"rendered":"https:\/\/drs-auto.fr\/?post_type=product&#038;p=10675"},"modified":"2023-10-10T16:53:14","modified_gmt":"2023-10-10T14:53:14","slug":"debitmetre-pour-citroen-fiat-lancia-peugeot-5wk9628z-5wk9628-1920ag","status":"publish","type":"product","link":"https:\/\/drs-auto.fr\/en\/product\/debitmetre-pour-citroen-fiat-lancia-peugeot-5wk9628z-5wk9628-1920ag\/","title":{"rendered":"D\u00e9bitm\u00e8tre pour CITRO\u00cbN FIAT LANCIA PEUGEOT \/ 5WK9628Z-5WK9628-1920AG"},"content":{"rendered":"<p>D\u00c9BITM\u00c8TRE NEUF POUR CITRO\u00cbN FIAT LANCIA PEUGEOT 2.0 \/ 2.2 HDi \/ JTD<\/p>\n<p>R\u00c9F\u00c9RENCES PEUGEOT\/CITRO\u00cbN\u00a0:\u00a01920.AG \/ 1920AG \/ 96 322 152 80 \/ 9632215280<\/p>\n<p>406 Break 2.2 HDI<\/p>\n<p>406 Coupe 2.2 HDI<\/p>\n<p>607 2.0 HDI<\/p>\n<p>607 2.2 HDI<\/p>\n<p>806 2.0 HDI<\/p>\n<p>807 2.0 HDI<\/p>\n<p>807 2.2 HDI<\/p>\n<p>EXPERT Camionnette 2.0 HDI<\/p>\n<p>C5 2.2 HDI<\/p>\n<p>C5 2.0 HDI<\/p>\n<p>C5 Break 2.0 HDI<\/p>\n<p>C5 Break 2.2 HDI<\/p>\n<p>C8 Break 2.0 HDI<\/p>\n<p>C8 Break 2.2 HDI<\/p>\n<p>R\u00c9F\u00c9RENCES\u00a0FIAT\/LANCIA\u00a0:\u00a09629471080<\/p>\n<p>Ulysse 2.0 JTD<\/p>\n<p>Ulysse 2.2 JTD<\/p>\n<p>Phedra 2.0 JTD<\/p>\n<p>Phedra 2.2 JTD<\/p>\n<p>R\u00c9F\u00c9RENCES FABRIQUANT : 5WK9628Z &#8211; 5WK9628 &#8211; 5WK9 628<\/p>\n<p>&nbsp;<\/p>","protected":false},"excerpt":{"rendered":"<p>D\u00c9BITM\u00c8TRE NEUF POUR CITRO\u00cbN FIAT LANCIA PEUGEOT 2.0 \/ 2.2 HDi \/ JTD R\u00c9F\u00c9RENCES PEUGEOT\/CITRO\u00cbN\u00a0:\u00a01920.AG \/ 1920AG \/ 96 322<\/p>","protected":false},"featured_media":10707,"comment_status":"open","ping_status":"closed","template":"","meta":{"content-type":""},"product_cat":[131,132],"product_tag":[],"class_list":{"0":"post-10675","1":"product","2":"type-product","3":"status-publish","4":"has-post-thumbnail","6":"product_cat-alimentation","7":"product_cat-debitmetres","9":"first","10":"instock","11":"shipping-taxable","12":"purchasable","13":"product-type-simple"},"aioseo_notices":[],"jetpack_sharing_enabled":true,"_links":{"self":[{"href":"https:\/\/drs-auto.fr\/en\/wp-json\/wp\/v2\/product\/10675","targetHints":{"allow":["GET"]}}],"collection":[{"href":"https:\/\/drs-auto.fr\/en\/wp-json\/wp\/v2\/product"}],"about":[{"href":"https:\/\/drs-auto.fr\/en\/wp-json\/wp\/v2\/types\/product"}],"replies":[{"embeddable":true,"href":"https:\/\/drs-auto.fr\/en\/wp-json\/wp\/v2\/comments?post=10675"}],"version-history":[{"count":1,"href":"https:\/\/drs-auto.fr\/en\/wp-json\/wp\/v2\/product\/10675\/revisions"}],"predecessor-version":[{"id":10711,"href":"https:\/\/drs-auto.fr\/en\/wp-json\/wp\/v2\/product\/10675\/revisions\/10711"}],"wp:featuredmedia":[{"embeddable":true,"href":"https:\/\/drs-auto.fr\/en\/wp-json\/wp\/v2\/media\/10707"}],"wp:attachment":[{"href":"https:\/\/drs-auto.fr\/en\/wp-json\/wp\/v2\/media?parent=10675"}],"wp:term":[{"taxonomy":"product_cat","embeddable":true,"href":"https:\/\/drs-auto.fr\/en\/wp-json\/wp\/v2\/product_cat?post=10675"},{"taxonomy":"product_tag","embeddable":true,"href":"https:\/\/drs-auto.fr\/en\/wp-json\/wp\/v2\/product_tag?post=10675"}],"curies":[{"name":"wp","href":"https:\/\/api.w.org\/{rel}","templated":true}]}}