
{"id":10674,"date":"2023-10-10T16:52:56","date_gmt":"2023-10-10T14:52:56","guid":{"rendered":"https:\/\/drs-auto.fr\/?post_type=product&#038;p=10674"},"modified":"2023-10-10T16:53:13","modified_gmt":"2023-10-10T14:53:13","slug":"radiateur-dhuile-peugeot-citroen-2-0-hdi-1103l3","status":"publish","type":"product","link":"https:\/\/drs-auto.fr\/en\/product\/radiateur-dhuile-peugeot-citroen-2-0-hdi-1103l3\/","title":{"rendered":"RADIATEUR D&rsquo;HUILE PEUGEOT CITRO\u00cbN 2.0 HDi \/ 1103L3"},"content":{"rendered":"<h2 class=\"product_title entry-title\" style=\"text-align: left;\"><strong>RADIATEUR D&rsquo;HUILE pour Peugeot Citro\u00ebn 2.0 HDi<\/strong><\/h2>\n<p><strong>CITRO\u00cbN<\/strong><\/p>\n<p>C4 I (LC_)<\/p>\n<p>C4 II (B7)<\/p>\n<p>C4 Coup\u00e9 (LA_)<\/p>\n<p>C4 Picasso I Monospace (UD_)<\/p>\n<p>C4 Grand Picasso I (UA_)<\/p>\n<p>C5 II (RC_)<\/p>\n<p>C5 II Break (RE_)<\/p>\n<p>C5 III (RD_)<\/p>\n<p>C5 III Break (RW_)<\/p>\n<p>C8 (EA_, EB_)<\/p>\n<p>DS4<\/p>\n<p>DS5<\/p>\n<p>JUMPY (U6U)<\/p>\n<p>JUMPY Camionnette (BS_, BT_, BY_, BZ_)<\/p>\n<p>JUMPY Camion plate-forme\/Ch\u00e2ssis (BU_, BV_, BW_, BX_)<\/p>\n<p>JUMPY (VF7)<\/p>\n<p>JUMPY Camionnette<\/p>\n<p><strong>FIAT<\/strong><\/p>\n<p>SCUDO (270_, 272_)<\/p>\n<p>SCUDO Camionnette (270_, 272_)<\/p>\n<p>SCUDO Camion plate-forme\/Ch\u00e2ssis (270_, 272_)<\/p>\n<p>ULYSSE (179_)<\/p>\n<p><strong>FORD<\/strong><\/p>\n<p>C-MAX (DM2)<\/p>\n<p>C-MAX II (DXA\/CB7, DXA\/CEU)<\/p>\n<p>GRAND C-MAX (DXA\/CB7, DXA\/CEU)<\/p>\n<p>FOCUS C-MAX<\/p>\n<p>FOCUS II (DA_, HCP, DP)<\/p>\n<p>FOCUS II A trois volumes (DB_, FCH, DH)<\/p>\n<p>FOCUS II Turnier (DA_, FFS, DS)<\/p>\n<p>FOCUS II D\u00e9capotable<\/p>\n<p>FOCUS III<\/p>\n<p>FOCUS III A trois volumes<\/p>\n<p>FOCUS III Turnier<\/p>\n<p>GALAXY (WA6)<\/p>\n<p>KUGA I<\/p>\n<p>KUGA II (DM2)<\/p>\n<p>MONDEO IV (BA7)<\/p>\n<p>MONDEO IV A trois volumes (BA7)<\/p>\n<p>MONDEO IV Turnier (BA7)<\/p>\n<p>S-MAX (WA6)<\/p>\n<p><strong>LANCIA<\/strong><\/p>\n<p>PHEDRA (179_)<\/p>\n<p>PEUGEOT<\/p>\n<p>307 (3A\/C)<\/p>\n<p>307 Break (3E)<\/p>\n<p>307 SW (3H)<\/p>\n<p>307 CC (3B)<\/p>\n<p>308 (4A_, 4C_)<\/p>\n<p>308 SW (4E_, 4H_)<\/p>\n<p>308 CC (4B_)<\/p>\n<p>308 II<\/p>\n<p>308 SW II<\/p>\n<p>407 (6D_)<\/p>\n<p>407 SW (6E_)<\/p>\n<p>407 Coup\u00e9 (6C_)<\/p>\n<p>508 I (8D_)<\/p>\n<p>508 SW I (8E_)<\/p>\n<p>607 (9D, 9U)<\/p>\n<p>807 (E)<\/p>\n<p>3008 Monospace (0U_)<\/p>\n<p>5008 (0U_, 0E_)<\/p>\n<p>RCZ<\/p>\n<p>EXPERT Tepee (VF3X_)<\/p>\n<p>EXPERT Camionnette (VF3A_, VF3U_, VF3X_)<\/p>\n<p>EXPERT Camion plate-forme\/Ch\u00e2ssis<\/p>\n<p><strong>VOLVO<\/strong><\/p>\n<p>C30 (533)<\/p>\n<p>C70 II D\u00e9capotable (542)<\/p>\n<p>S40 II (544)<\/p>\n<p>S80 II (124)<\/p>\n<p>V50 (545)<\/p>\n<p>V70 III (135)<\/p>\n<h2 style=\"text-align: left;\"><\/h2>","protected":false},"excerpt":{"rendered":"<p>RADIATEUR D&rsquo;HUILE pour Peugeot Citro\u00ebn 2.0 HDi CITRO\u00cbN C4 I (LC_) C4 II (B7) C4 Coup\u00e9 (LA_) C4 Picasso I<\/p>","protected":false},"featured_media":10703,"comment_status":"open","ping_status":"closed","template":"","meta":{"content-type":""},"product_cat":[129,130],"product_tag":[],"class_list":{"0":"post-10674","1":"product","2":"type-product","3":"status-publish","4":"has-post-thumbnail","6":"product_cat-lubrification","7":"product_cat-refroidisseur-dhuile","9":"first","10":"instock","11":"shipping-taxable","12":"purchasable","13":"product-type-simple"},"aioseo_notices":[],"jetpack_sharing_enabled":true,"_links":{"self":[{"href":"https:\/\/drs-auto.fr\/en\/wp-json\/wp\/v2\/product\/10674","targetHints":{"allow":["GET"]}}],"collection":[{"href":"https:\/\/drs-auto.fr\/en\/wp-json\/wp\/v2\/product"}],"about":[{"href":"https:\/\/drs-auto.fr\/en\/wp-json\/wp\/v2\/types\/product"}],"replies":[{"embeddable":true,"href":"https:\/\/drs-auto.fr\/en\/wp-json\/wp\/v2\/comments?post=10674"}],"version-history":[{"count":1,"href":"https:\/\/drs-auto.fr\/en\/wp-json\/wp\/v2\/product\/10674\/revisions"}],"predecessor-version":[{"id":10706,"href":"https:\/\/drs-auto.fr\/en\/wp-json\/wp\/v2\/product\/10674\/revisions\/10706"}],"wp:featuredmedia":[{"embeddable":true,"href":"https:\/\/drs-auto.fr\/en\/wp-json\/wp\/v2\/media\/10703"}],"wp:attachment":[{"href":"https:\/\/drs-auto.fr\/en\/wp-json\/wp\/v2\/media?parent=10674"}],"wp:term":[{"taxonomy":"product_cat","embeddable":true,"href":"https:\/\/drs-auto.fr\/en\/wp-json\/wp\/v2\/product_cat?post=10674"},{"taxonomy":"product_tag","embeddable":true,"href":"https:\/\/drs-auto.fr\/en\/wp-json\/wp\/v2\/product_tag?post=10674"}],"curies":[{"name":"wp","href":"https:\/\/api.w.org\/{rel}","templated":true}]}}